{"id":1201,"date":"2024-09-08T22:28:57","date_gmt":"2024-09-08T20:28:57","guid":{"rendered":"https:\/\/toplinskimost.hr\/?page_id=1201"},"modified":"2024-09-11T08:02:10","modified_gmt":"2024-09-11T06:02:10","slug":"fizika-zgrada","status":"publish","type":"page","link":"https:\/\/toplinskimost.hr\/?page_id=1201","title":{"rendered":"Projektiranje"},"content":{"rendered":"<p>Nudimo izradu <em>Projekta racionalne uporabe energije i toplinske za\u0161tite <\/em>te <em>Projekta zgrade u odnosu na akusti\u010dka svojstva i za\u0161titu od buke<\/em> za sve tipove objekta (fizika zgrade).<\/p>\n<p>&#8230;uskoro vi\u0161e&#8230;<\/p>\n","protected":false},"excerpt":{"rendered":"<p>Nudimo izradu Projekta racionalne uporabe energije i toplinske za\u0161tite te Projekta zgrade u odnosu na akusti\u010dka svojstva i za\u0161titu od buke za sve tipove objekta (fizika zgrade). &#8230;uskoro vi\u0161e&#8230;<\/p>\n","protected":false},"author":1,"featured_media":0,"parent":0,"menu_order":0,"comment_status":"closed","ping_status":"closed","template":"","meta":{"footnotes":""},"class_list":["post-1201","page","type-page","status-publish","hentry"],"_links":{"self":[{"href":"https:\/\/toplinskimost.hr\/index.php?rest_route=\/wp\/v2\/pages\/1201","targetHints":{"allow":["GET"]}}],"collection":[{"href":"https:\/\/toplinskimost.hr\/index.php?rest_route=\/wp\/v2\/pages"}],"about":[{"href":"https:\/\/toplinskimost.hr\/index.php?rest_route=\/wp\/v2\/types\/page"}],"author":[{"embeddable":true,"href":"https:\/\/toplinskimost.hr\/index.php?rest_route=\/wp\/v2\/users\/1"}],"replies":[{"embeddable":true,"href":"https:\/\/toplinskimost.hr\/index.php?rest_route=%2Fwp%2Fv2%2Fcomments&post=1201"}],"version-history":[{"count":4,"href":"https:\/\/toplinskimost.hr\/index.php?rest_route=\/wp\/v2\/pages\/1201\/revisions"}],"predecessor-version":[{"id":1223,"href":"https:\/\/toplinskimost.hr\/index.php?rest_route=\/wp\/v2\/pages\/1201\/revisions\/1223"}],"wp:attachment":[{"href":"https:\/\/toplinskimost.hr\/index.php?rest_route=%2Fwp%2Fv2%2Fmedia&parent=1201"}],"curies":[{"name":"wp","href":"https:\/\/api.w.org\/{rel}","templated":true}]}}